{"id":66,"date":"2020-02-21T20:54:25","date_gmt":"2020-02-21T19:54:25","guid":{"rendered":"http:\/\/preprod.yoga-iyengar91.com\/?page_id=66"},"modified":"2020-06-18T10:12:47","modified_gmt":"2020-06-18T08:12:47","slug":"stages-et-evenements","status":"publish","type":"page","link":"https:\/\/preprod.yoga-iyengar91.com\/index.php\/stages-et-evenements\/","title":{"rendered":"Stages"},"content":{"rendered":"\n<p>Le centre de Yoga Iyengar YI91 Paris propose, en plus des cours r\u00e9guliers, des ateliers, des stages, et des \u00e9v\u00e9nements autours de la pratique. D\u00e9couvrez notre calendrier. <\/p>\n","protected":false},"excerpt":{"rendered":"<p>Le centre de Yoga Iyengar YI91 Paris propose, en plus des cours r\u00e9guliers, des ateliers, des stages, et des \u00e9v\u00e9nements autours de la pratique. D\u00e9couvrez notre calendrier.<\/p>\n","protected":false},"author":1,"featured_media":0,"parent":0,"menu_order":0,"comment_status":"closed","ping_status":"closed","template":"","meta":[],"_links":{"self":[{"href":"https:\/\/preprod.yoga-iyengar91.com\/index.php\/wp-json\/wp\/v2\/pages\/66"}],"collection":[{"href":"https:\/\/preprod.yoga-iyengar91.com\/index.php\/wp-json\/wp\/v2\/pages"}],"about":[{"href":"https:\/\/preprod.yoga-iyengar91.com\/index.php\/wp-json\/wp\/v2\/types\/page"}],"author":[{"embeddable":true,"href":"https:\/\/preprod.yoga-iyengar91.com\/index.php\/wp-json\/wp\/v2\/users\/1"}],"replies":[{"embeddable":true,"href":"https:\/\/preprod.yoga-iyengar91.com\/index.php\/wp-json\/wp\/v2\/comments?post=66"}],"version-history":[{"count":2,"href":"https:\/\/preprod.yoga-iyengar91.com\/index.php\/wp-json\/wp\/v2\/pages\/66\/revisions"}],"predecessor-version":[{"id":397,"href":"https:\/\/preprod.yoga-iyengar91.com\/index.php\/wp-json\/wp\/v2\/pages\/66\/revisions\/397"}],"wp:attachment":[{"href":"https:\/\/preprod.yoga-iyengar91.com\/index.php\/wp-json\/wp\/v2\/media?parent=66"}],"curies":[{"name":"wp","href":"https:\/\/api.w.org\/{rel}","templated":true}]}}