{"id":56,"date":"2020-02-21T20:40:42","date_gmt":"2020-02-21T19:40:42","guid":{"rendered":"http:\/\/preprod.yoga-iyengar91.com\/?page_id=56"},"modified":"2020-02-21T23:23:27","modified_gmt":"2020-02-21T22:23:27","slug":"nous-situer","status":"publish","type":"page","link":"https:\/\/preprod.yoga-iyengar91.com\/index.php\/nous-situer\/","title":{"rendered":"Nous situer"},"content":{"rendered":"\n<p>A mi-chemin entre la Porte Saint-Martin et la Gare de l&rsquo;est, en plein coeur de Paris, un espace enti\u00e8rement r\u00e9nov\u00e9, con\u00e7u pour une pratique optimum !<\/p>\n\n\n\n<p>Trouvez-nous au :<br>91, rue du Faubourg Saint Martin, 75010 Paris<br>En plein c\u0153ur de la rive droite parisienne.<\/p>\n\n\n\n<p>Entrez par la porte coch\u00e8re ; p\u00e9n\u00e9trez jusqu\u2019au fond de la cour. (Contactez-nous pr\u00e9alablement pour les codes.)<br>M\u00e9tros : Ch\u00e2teau d\u2019eau, Gare de l\u2019est (ligne 4) ; Jacques Bonsergent (ligne 5)<\/p>\n\n\n\n<p>Station V\u00e9lib : c\u00f4t\u00e9 nord du b\u00e2timent de la Mairie du 10\u00e8me, dite le Ch\u00e2teau d\u2019eau.<\/p>\n\n\n\n<p><\/p>\n","protected":false},"excerpt":{"rendered":"<p>A mi-chemin entre la Porte Saint-Martin et la Gare de l&rsquo;est, en plein coeur de Paris, un espace enti\u00e8rement r\u00e9nov\u00e9, con\u00e7u pour une pratique optimum ! Trouvez-nous au :91, rue du Faubourg Saint Martin, 75010 ParisEn plein c\u0153ur de la rive droite parisienne. Entrez par la porte coch\u00e8re ; p\u00e9n\u00e9trez jusqu\u2019au fond de la cour. &hellip; <\/p>\n","protected":false},"author":1,"featured_media":0,"parent":0,"menu_order":0,"comment_status":"closed","ping_status":"closed","template":"","meta":[],"_links":{"self":[{"href":"https:\/\/preprod.yoga-iyengar91.com\/index.php\/wp-json\/wp\/v2\/pages\/56"}],"collection":[{"href":"https:\/\/preprod.yoga-iyengar91.com\/index.php\/wp-json\/wp\/v2\/pages"}],"about":[{"href":"https:\/\/preprod.yoga-iyengar91.com\/index.php\/wp-json\/wp\/v2\/types\/page"}],"author":[{"embeddable":true,"href":"https:\/\/preprod.yoga-iyengar91.com\/index.php\/wp-json\/wp\/v2\/users\/1"}],"replies":[{"embeddable":true,"href":"https:\/\/preprod.yoga-iyengar91.com\/index.php\/wp-json\/wp\/v2\/comments?post=56"}],"version-history":[{"count":1,"href":"https:\/\/preprod.yoga-iyengar91.com\/index.php\/wp-json\/wp\/v2\/pages\/56\/revisions"}],"predecessor-version":[{"id":57,"href":"https:\/\/preprod.yoga-iyengar91.com\/index.php\/wp-json\/wp\/v2\/pages\/56\/revisions\/57"}],"wp:attachment":[{"href":"https:\/\/preprod.yoga-iyengar91.com\/index.php\/wp-json\/wp\/v2\/media?parent=56"}],"curies":[{"name":"wp","href":"https:\/\/api.w.org\/{rel}","templated":true}]}}