{"id":49,"date":"2020-02-21T20:12:03","date_gmt":"2020-02-21T19:12:03","guid":{"rendered":"http:\/\/preprod.yoga-iyengar91.com\/?page_id=49"},"modified":"2020-02-21T23:23:21","modified_gmt":"2020-02-21T22:23:21","slug":"notre-espace","status":"publish","type":"page","link":"https:\/\/preprod.yoga-iyengar91.com\/index.php\/notre-espace\/","title":{"rendered":"Notre espace"},"content":{"rendered":"\n<h4> Un cadre exceptionnel  <\/h4>\n\n\n\n<p>Nous sommes situ\u00e9s au centre du X\u00e8me arrondissement, au 91, rue du Faubourg St Martin. On acc\u00e8de \u00e0 notre espace depuis la rue par une porte coch\u00e8re qui ouvre sur une longue cour pav\u00e9e. Au fur et \u00e0 mesure que l\u2019on p\u00e9n\u00e8tre dans la cour, les bruits de la ville s\u2019\u00e9loignent. Arriv\u00e9 au fond, cette cour s\u2019\u00e9largit,  laissant place \u00e0 un petit jardin sur lequel donnent les multiples fen\u00eatres de la fa\u00e7ade, expos\u00e9es plein sud, d\u2019un ancien atelier, grand de 250 m\u00e8tres carr\u00e9s.<\/p>\n\n\n\n<h4>Une architecture sur-mesure <\/h4>\n\n\n\n<p>Le r\u00e9am\u00e9nagement de l\u2019atelier a \u00e9t\u00e9 dirig\u00e9 par un architecte lui m\u00eame adepte du yoga, (<a href=\"http:\/\/www. sompairac-architectes.com\">www. sompairac-architectes.com<\/a>). Des travaux de gros \u0153uvres ont \u00e9t\u00e9 effectu\u00e9s pour laisser libre cours \u00e0 la lumi\u00e8re baignant deux grandes salles de pratiques \u00e9quip\u00e9es. Vous y trouverez aussi des espaces d\u2019\u00e9chauffement, un accueil convivial et de vestiaires, dont un r\u00e9serv\u00e9 \u00e0 l\u2019enseignant. Tous les am\u00e9nagements ont \u00e9t\u00e9 faits sur-mesure pour la pratique de yoga Iyengar : le rangement des supports de la m\u00e9thode les garde \u00e0 port\u00e9e de main; une multiplicit\u00e9 des cordes rend fluide la pratique des exercices de \u00ab yoga Kurunta \u00bb.<\/p>\n","protected":false},"excerpt":{"rendered":"<p>Un cadre exceptionnel Nous sommes situ\u00e9s au centre du X\u00e8me arrondissement, au 91, rue du Faubourg St Martin. On acc\u00e8de \u00e0 notre espace depuis la rue par une porte coch\u00e8re qui ouvre sur une longue cour pav\u00e9e. Au fur et \u00e0 mesure que l\u2019on p\u00e9n\u00e8tre dans la cour, les bruits de la ville s\u2019\u00e9loignent. Arriv\u00e9 &hellip; <\/p>\n","protected":false},"author":1,"featured_media":0,"parent":0,"menu_order":0,"comment_status":"closed","ping_status":"closed","template":"","meta":[],"_links":{"self":[{"href":"https:\/\/preprod.yoga-iyengar91.com\/index.php\/wp-json\/wp\/v2\/pages\/49"}],"collection":[{"href":"https:\/\/preprod.yoga-iyengar91.com\/index.php\/wp-json\/wp\/v2\/pages"}],"about":[{"href":"https:\/\/preprod.yoga-iyengar91.com\/index.php\/wp-json\/wp\/v2\/types\/page"}],"author":[{"embeddable":true,"href":"https:\/\/preprod.yoga-iyengar91.com\/index.php\/wp-json\/wp\/v2\/users\/1"}],"replies":[{"embeddable":true,"href":"https:\/\/preprod.yoga-iyengar91.com\/index.php\/wp-json\/wp\/v2\/comments?post=49"}],"version-history":[{"count":3,"href":"https:\/\/preprod.yoga-iyengar91.com\/index.php\/wp-json\/wp\/v2\/pages\/49\/revisions"}],"predecessor-version":[{"id":54,"href":"https:\/\/preprod.yoga-iyengar91.com\/index.php\/wp-json\/wp\/v2\/pages\/49\/revisions\/54"}],"wp:attachment":[{"href":"https:\/\/preprod.yoga-iyengar91.com\/index.php\/wp-json\/wp\/v2\/media?parent=49"}],"curies":[{"name":"wp","href":"https:\/\/api.w.org\/{rel}","templated":true}]}}