{"id":43,"date":"2020-02-21T20:08:01","date_gmt":"2020-02-21T19:08:01","guid":{"rendered":"http:\/\/preprod.yoga-iyengar91.com\/?page_id=43"},"modified":"2020-02-21T23:23:08","modified_gmt":"2020-02-21T22:23:08","slug":"les-tarifs","status":"publish","type":"page","link":"https:\/\/preprod.yoga-iyengar91.com\/index.php\/les-tarifs\/","title":{"rendered":"Les tarifs"},"content":{"rendered":"\n<p>Cours d\u2019essai = 17\u20ac<br>Cours \u00e0 l\u2019unit\u00e9 = 25\u20ac<\/p>\n\n\n\n<p><strong>Abonnements<\/strong><br>Nos abonnements sont pratiques. D\u00e9lib\u00e9r\u00e9ment tr\u00e8s comp\u00e9titifs, ils permettent l\u2019acc\u00e8s au plus grand nombre. Ils permet aussi une circulation libre dans notre lieu. &nbsp;Si vous ne pouvez pas assister \u00e0 votre cours r\u00e9gulier, vous pouvez utiliser l&rsquo;abonnement achet\u00e9 aupr\u00e8s d&rsquo;un professeur pour r\u00e9gler le cours que vous prenez aupr\u00e8s d&rsquo;un autre. &nbsp;Vous n&rsquo;avez qu&rsquo;\u00e0 demandez un \u00ab\u00a0Bon Pour Cours\u00a0\u00bb.<\/p>\n\n\n\n<p><strong>Comment faire ?<\/strong><br>Apr\u00e8s un cours d\u2019essai, achetez l\u2019abonnement qui vous convient aupr\u00e8s de votre professeur. Une page dans son carnet de professeur vous sera r\u00e9serv\u00e9e.<\/p>\n\n\n\n<ul><li> 9 cours = 200\u20ac valable 5 mois<\/li><li>18 cours = 350\u20ac valable 8 mois<\/li><li>30 cours = 500\u20ac valable 1 an <\/li><\/ul>\n\n\n\n<p>Pour les cours sp\u00e9cifiques (pr\u00e9natal, pratique adapt\u00e9e) contactez directement <a href=\"http:\/\/preprod.yoga-iyengar91.com\/index.php\/les-professeurs\/\">le professeur<\/a> du cours.<\/p>\n","protected":false},"excerpt":{"rendered":"<p>Cours d\u2019essai = 17\u20acCours \u00e0 l\u2019unit\u00e9 = 25\u20ac AbonnementsNos abonnements sont pratiques. D\u00e9lib\u00e9r\u00e9ment tr\u00e8s comp\u00e9titifs, ils permettent l\u2019acc\u00e8s au plus grand nombre. Ils permet aussi une circulation libre dans notre lieu. &nbsp;Si vous ne pouvez pas assister \u00e0 votre cours r\u00e9gulier, vous pouvez utiliser l&rsquo;abonnement achet\u00e9 aupr\u00e8s d&rsquo;un professeur pour r\u00e9gler le cours que vous &hellip; <\/p>\n","protected":false},"author":1,"featured_media":0,"parent":0,"menu_order":0,"comment_status":"closed","ping_status":"closed","template":"","meta":[],"_links":{"self":[{"href":"https:\/\/preprod.yoga-iyengar91.com\/index.php\/wp-json\/wp\/v2\/pages\/43"}],"collection":[{"href":"https:\/\/preprod.yoga-iyengar91.com\/index.php\/wp-json\/wp\/v2\/pages"}],"about":[{"href":"https:\/\/preprod.yoga-iyengar91.com\/index.php\/wp-json\/wp\/v2\/types\/page"}],"author":[{"embeddable":true,"href":"https:\/\/preprod.yoga-iyengar91.com\/index.php\/wp-json\/wp\/v2\/users\/1"}],"replies":[{"embeddable":true,"href":"https:\/\/preprod.yoga-iyengar91.com\/index.php\/wp-json\/wp\/v2\/comments?post=43"}],"version-history":[{"count":2,"href":"https:\/\/preprod.yoga-iyengar91.com\/index.php\/wp-json\/wp\/v2\/pages\/43\/revisions"}],"predecessor-version":[{"id":47,"href":"https:\/\/preprod.yoga-iyengar91.com\/index.php\/wp-json\/wp\/v2\/pages\/43\/revisions\/47"}],"wp:attachment":[{"href":"https:\/\/preprod.yoga-iyengar91.com\/index.php\/wp-json\/wp\/v2\/media?parent=43"}],"curies":[{"name":"wp","href":"https:\/\/api.w.org\/{rel}","templated":true}]}}