{"id":399,"date":"2020-06-18T10:18:19","date_gmt":"2020-06-18T08:18:19","guid":{"rendered":"http:\/\/preprod.yoga-iyengar91.com\/?page_id=399"},"modified":"2020-06-18T10:18:19","modified_gmt":"2020-06-18T08:18:19","slug":"cours-pour-public-specifique","status":"publish","type":"page","link":"https:\/\/preprod.yoga-iyengar91.com\/index.php\/cours-pour-public-specifique\/","title":{"rendered":"Cours pour public sp\u00e9cifique"},"content":{"rendered":"\n<p>Cours standards (niveaux 1-4) ou adapt\u00e9s aux publics sp\u00e9cifiques (Enfants; Pr\u00e9natal). Respectez <a href=\"http:\/\/preprod.yoga-iyengar91.com\/index.php\/le-yoga-iyengar\/\">la progression<\/a> de la m\u00e9thode par niveau pour apprendre les r\u00e8gles de s\u00e9curit\u00e9 quant \u00e0 <a href=\"http:\/\/preprod.yoga-iyengar91.com\/index.php\/le-yoga-iyengar\/\">l\u2019alignement<\/a> et pour utiliser <a href=\"http:\/\/preprod.yoga-iyengar91.com\/index.php\/le-yoga-iyengar\/\">les supports<\/a> de mani\u00e8re correcte. Il faut aussi du temps pour comprendre le langage du professeur Iyengar afin d&rsquo;int\u00e9grer <a href=\"http:\/\/preprod.yoga-iyengar91.com\/index.php\/le-yoga-iyengar\/\">les consignes<\/a>. <\/p>\n\n\n\n<p><strong>S\u00e9ries Adapt\u00e9es (<em>par inscription)&nbsp;<\/em><\/strong><\/p>\n\n\n\n<p>Propos\u00e9 en compl\u00e9ment de leur cours standard aux \u00e9l\u00e8ves ayant une contrainte physique.<\/p>\n\n\n\n<p>Quand : vendredi 16h45-18h30<br>Contact : Cristina Costa &nbsp;<a href=\"mailto:berdegar@neuf.fr\">criscmcosta@hotmail.com<\/a><\/p>\n\n\n\n<p><strong>Pr\u00e9natal (<em>par inscription)<\/em><\/strong><\/p>\n\n\n\n<p>Le cours PRENATAL permet aux futures m\u00e8res de pratiquer sans danger pendant la grossesse. &nbsp;Dans ce contexte les supports de la m\u00e9thode rentrent en jeu pour obtenir les conditions de confort pour la femme et son enfant \u00e0 na\u00eetre, plus particuli\u00e8rement en favorisant l&rsquo;ouverture de la poitrine. C&rsquo;est un cours qui aide \u00e0 garder sa meilleure forme et pr\u00e9pare un accouchement plus ais\u00e9.<\/p>\n\n\n\n<p>Quand : lundi 17h-18h30<br>Contact : B\u00e9reng\u00e8re de Garsignies&nbsp;<a href=\"mailto:berdegar@neuf.fr\">berdegar@neuf.fr<\/a><\/p>\n\n\n\n<p><strong>Enfants 6-12 ans<\/strong> <em><strong>(par inscription)<\/strong><\/em><\/p>\n\n\n\n<p>Le yoga fortifie les muscles et les articulations en plus de cr\u00e9er un \u00e9tat de concentration et d&rsquo;autodiscipline chez les enfants.<\/p>\n\n\n\n<p>Quand : mercredi 16h30-17h30<br>Contact : Cristina Costa &nbsp;<a href=\"mailto:berdegar@neuf.fr\">criscmcosta@hotmail.com<\/a><\/p>\n\n\n<p><!--EndFragment--><\/p>","protected":false},"excerpt":{"rendered":"<p>Cours standards (niveaux 1-4) ou adapt\u00e9s aux publics sp\u00e9cifiques (Enfants; Pr\u00e9natal). Respectez la progression de la m\u00e9thode par niveau pour apprendre les r\u00e8gles de s\u00e9curit\u00e9 quant \u00e0 l\u2019alignement et pour utiliser les supports de mani\u00e8re correcte. Il faut aussi du temps pour comprendre le langage du professeur Iyengar afin d&rsquo;int\u00e9grer les consignes. S\u00e9ries Adapt\u00e9es (par &hellip; <\/p>\n","protected":false},"author":1,"featured_media":0,"parent":0,"menu_order":0,"comment_status":"closed","ping_status":"closed","template":"","meta":[],"_links":{"self":[{"href":"https:\/\/preprod.yoga-iyengar91.com\/index.php\/wp-json\/wp\/v2\/pages\/399"}],"collection":[{"href":"https:\/\/preprod.yoga-iyengar91.com\/index.php\/wp-json\/wp\/v2\/pages"}],"about":[{"href":"https:\/\/preprod.yoga-iyengar91.com\/index.php\/wp-json\/wp\/v2\/types\/page"}],"author":[{"embeddable":true,"href":"https:\/\/preprod.yoga-iyengar91.com\/index.php\/wp-json\/wp\/v2\/users\/1"}],"replies":[{"embeddable":true,"href":"https:\/\/preprod.yoga-iyengar91.com\/index.php\/wp-json\/wp\/v2\/comments?post=399"}],"version-history":[{"count":2,"href":"https:\/\/preprod.yoga-iyengar91.com\/index.php\/wp-json\/wp\/v2\/pages\/399\/revisions"}],"predecessor-version":[{"id":402,"href":"https:\/\/preprod.yoga-iyengar91.com\/index.php\/wp-json\/wp\/v2\/pages\/399\/revisions\/402"}],"wp:attachment":[{"href":"https:\/\/preprod.yoga-iyengar91.com\/index.php\/wp-json\/wp\/v2\/media?parent=399"}],"curies":[{"name":"wp","href":"https:\/\/api.w.org\/{rel}","templated":true}]}}