{"id":38,"date":"2020-02-21T20:03:46","date_gmt":"2020-02-21T19:03:46","guid":{"rendered":"http:\/\/preprod.yoga-iyengar91.com\/?page_id=38"},"modified":"2020-02-21T23:23:03","modified_gmt":"2020-02-21T22:23:03","slug":"les-professeurs","status":"publish","type":"page","link":"https:\/\/preprod.yoga-iyengar91.com\/index.php\/les-professeurs\/","title":{"rendered":"Les professeurs"},"content":{"rendered":"\n<p><strong>La m\u00e9thode Iyengar comme gage de qualit\u00e9.<\/strong><\/p>\n\n\n\n<p>Nos professeurs sont tous habilit\u00e9s \u00e0 enseigner le yoga Iyengar, et membres de l\u2019association fran\u00e7aise de yoga Iyengar <a rel=\"noreferrer noopener\" href=\"http:\/\/www.yoga-iyengar.asso.fr%20\" target=\"_blank\">www.yoga-iyengar.asso.fr <\/a>. <\/p>\n\n\n\n<p>La formation de professorat de la m\u00e9thode est rigoureuse. Elle est aussi continue : les professeurs certifi\u00e9s restent \u00e9l\u00e8ves assidus aux cours d\u2019un professeur Senior ; suivent des \u00ab post-formations \u00bb ; se rendent en Inde pour \u00e9tudier aupr\u00e8s de ma\u00eetres mondialement reconnus ; participent aux stages et aux conventions de professeurs pour continuer de perfectionner leur enseignement et leur pratique.<\/p>\n\n\n\n<p><strong>La filiation commune : trait d\u2019union de l\u2019\u00e9quipe de YI91<\/strong><\/p>\n\n\n\n<p>Notre \u00e9quipe est form\u00e9e par Faeq et Corine Biria au Centre de Yoga Iyengar de Paris, <a rel=\"noreferrer noopener\" href=\"http:\/\/www.centre-yoga-paris.fr\" target=\"_blank\">www.centre-yoga-paris.fr<\/a>\u00a0ou par des formateurs issus de leur enseignement.\u00a0Cette filiation fait la force et la coh\u00e9rence interne de notre enseignement.<\/p>\n\n\n\n<p> Toni rencontre le yoga Iyengar en 1999 lorsqu&rsquo;elle est professeur de danse et trouve que la\u00a0m\u00e9thode permet par excellence la construction de l&rsquo;intelligence du corps. Elle l&rsquo;enseigne depuis 2002. En 2014 elle ouvre le YI91, lieu destin\u00e9 \u00e0\u00a0promouvoir l&rsquo;enseignement du yoga Iyengar. <\/p>\n\n\n\n<p> contact : <a href=\"mailto:dameliotoni@gmail.com\">dameliotoni@gmail.com<\/a> <\/p>\n\n\n\n<h4>Ursula ARRIAGA : niveau 1-2; 2-3<\/h4>\n\n\n\n<p>Ursula d\u00e9couvre le yoga en 2002 au Mexique, son pays natal, lorsqu\u2019elle \u00e9tudie le dessin et la couture. Elle retrouve dans le yoga une source d\u2019\u00e9quanimit\u00e9 et de force face aux \u00e9v\u00e9nements de la vie.<br>Elle est passionn\u00e9e par la pr\u00e9cision du yoga Iyengar qui lui permet d\u2019explorer les lignes et les aplombs du corps dans une dimension plus profonde.<br>Elle enseigne \u00e0 Paris depuis 2010 et aime transmettre cette discipline de mani\u00e8re \u00e0 la rendre accessible \u00e0 tous.<\/p>\n\n\n\n<p>contact :&nbsp;<a href=\"mailto:ursula.arriaga@gmail.com\">ursula.arriaga@gmail.com<\/a><\/p>\n\n\n\n<h4>Mirentchu BATTUT : niveau 2-3<\/h4>\n\n\n\n<p>Mirentchu&nbsp;d\u00e9couvre le yoga Iyengar en 2008 apr\u00e8s avoir \u00e9t\u00e9 ballerine \u00e0 l\u2019Op\u00e9ra de Paris. Elle y trouve une recherche de la rectitude qui est pour elle un joyau de vie. Depuis 2010 elle se voue \u00e0 son enseignement, moyen de transmettre les connaissances pr\u00e9cieuses.<\/p>\n\n\n\n<p>contact :&nbsp;<a href=\"mailto:mirentchu@orange.fr\">mirentchu@orange.fr<\/a><\/p>\n\n\n\n<h4>Laura BREMBILLA : niveaux 2; 3<\/h4>\n\n\n\n<p>Laura pratique le Yoga Iyengar d\u00e8s l\u2019enfance : sa m\u00e8re enseigne cette discipline. Laura devient ensuite danseuse, elle continue dans ce m\u00e9tier \u00e0 pratiquer le yoga qui lui assure souplesse, endurance et \u00e9quanimit\u00e9.<br>Depuis 2006, elle enseigne le yoga Iyengar, \u00e0 Paris, et dans son pays natal, l\u2019Italie. Son enseignement est impr\u00e9gn\u00e9 des qualit\u00e9s issues de son activit\u00e9 d\u2019interpr\u00e8te chor\u00e9graphique : une sensibilit\u00e9 fine de l\u2019espace, la science des appuis du corps.<\/p>\n\n\n\n<p>contact :&nbsp;<a href=\"mailto:labbra_labre@yahoo.fr\">labbra_labre@yahoo.fr<\/a><\/p>\n\n\n\n<h4>Cristina COSTA : niveau 2; 3; 3-4; 4; 5-6; S\u00c9RIES ADAPT\u00c9ES; ENFANTS<\/h4>\n\n\n\n<p>Cristina d\u00e9couvre le yoga Iyengar t\u00f4t, et est vite dipl\u00f4m\u00e9e dans son pays d\u2019origine, le Br\u00e9sil. En 2010 elle est venue en France pour \u00e9tudier aupr\u00e8s de Faeq et Corine Biria. Par sa pratique quotidienne elle est en recherche continue de la pr\u00e9cision, l\u2019\u00e9quilibre, et la prise de conscience de soi : dans les asanas, le pranayama, et dans la vie de tous les jours.<\/p>\n\n\n\n<p>contact :&nbsp;<a href=\"mailto:criscmcosta@hotmail.com\">criscmcosta@hotmail.com<\/a><\/p>\n\n\n\n<h4>Andrea EDERER : niveau 1-2; 2-3<\/h4>\n\n\n\n<p>Andrea d\u00e9couvre le yoga Iyengar en 2009 \u00e0 Paris peu apr\u00e8s sa deuxi\u00e8me grossesse. Elle souhaite partager le bienfaits de la m\u00e9thode, dont le dynamisme, l\u2019\u00e9nergie, la pr\u00e9cision et la profondeur la passionnent.<\/p>\n\n\n\n<p>contact :&nbsp;<a href=\"mailto:andrea.ederer@hotmail.fr\">andrea.ederer@hotmail.fr<\/a><\/p>\n\n\n\n<h4>B\u00e9reng\u00e8re de GARSIGNIES : PRENATAL<\/h4>\n\n\n\n<p>B\u00e9reng\u00e8re pratique parall\u00e8lement le yoga Iyengar et le chant classique depuis 2000, deux arts qui ont comme trait d\u2019union la gestion du souffle.<br>La pratique r\u00e9guli\u00e8re de cette m\u00e9thode de yoga, rigoureuse et pr\u00e9cise, lui a permis de trouver un \u00e9quilibre, une stabilit\u00e9. C\u2019est un outil de transformation et de bien-\u00eatre dans sa vie. Elle enseigne depuis 2008. Dans ses cours elle invite ses \u00e9l\u00e8ves \u00e0 cultiver la facult\u00e9 d\u2019observation afin qu\u2019ils puissent vivre pleinement l\u2019instant pr\u00e9sent.<\/p>\n\n\n\n<p>contact :&nbsp;<a href=\"mailto:berdegar@neuf.fr\">berdegar@neuf.fr<\/a><\/p>\n\n\n\n<h4>Isabelle LEROUX : niveau 2<\/h4>\n\n\n\n<p>Isabelle &nbsp;d\u00e9couvre le yoga par hasard en 2007 et tr\u00e8s vite trouve dans la pratique de yoga Iyengar une \u00e9nergie et une \u00e9quilibre. C\u2019est cette d\u00e9couverte qu\u2019elle souhaite transmettre.<\/p>\n\n\n\n<p>contact :&nbsp;<a href=\"mailto:ilr@orange.fr\">ilr@orange.fr<\/a><\/p>\n\n\n\n<h4>J\u00e9r\u00f4me LEBAS : niveau 1-2<\/h4>\n\n\n\n<p>J\u00e9r\u00f4me pratique le yoga Iyengar depuis 2006, et enseigne depuis 2012.Le yoga est pour lui une voie d\u2019acc\u00e8s au calme, et d\u2019un retour \u00e0 soi. Chaque contraction, chaque limitation du corps est l\u2019occasion d\u2019une exploration et une connexion int\u00e9rieur.<\/p>\n\n\n\n<p>contact :&nbsp;<a href=\"mailto:jerome.lebas@gmail.com\">jerome.lebas@gmail.com<\/a><\/p>\n\n\n\n<h4>Eve MERME-DERRIEN : niveau 1; 2-3; 3<\/h4>\n\n\n\n<p>Eve d\u00e9couvre la m\u00e9thode Iyengar en 2001 en Inde, o\u00f9 elle est partie pendant six mois d\u00e9couvrir les grandes \u00e9coles de yoga. Pr\u00e9cise et rigoureuse, la m\u00e9thode est alors pour elle une \u00ab r\u00e9v\u00e9lation \u00bb.<br>En 2010 elle d\u00e9cide de r\u00e9duire ses activit\u00e9s professionnelles dans le milieu du cin\u00e9ma pour devenir professeur de yoga Iyengar. Depuis elle partage sa passion du yoga avec ses \u00e9l\u00e8ves.<\/p>\n\n\n\n<p>contact :&nbsp;<a href=\"mailto:eve.merme@yahoo.fr\">eve.merme@yahoo.fr<\/a><\/p>\n\n\n\n<h4>Filipe MONTENEGRO : niveau 1-2<\/h4>\n\n\n\n<p>Filipe d\u00e9marre son histoire avec le yoga presque par hasard en 2007 au Br\u00e9sil, mais il lui a tr\u00e8s vite pris une importance centrale dans sa vie. Les effets physiques du yoga lui marquent, mais sa vrai joie en est de d\u00e9couvrir les connexions plus subtiles.<\/p>\n\n\n\n<p>contact :&nbsp;<a href=\"mailto:lfcastelo@gmail.com\">lfcastelo@gmail.com<\/a><\/p>\n\n\n\n<h4>Alex ONFROY : niveaux 2; 3; 5-6<\/h4>\n\n\n\n<p>Alex pratique le yoga Iyengar depuis 1991. Il enseigne depuis 2004. \u00ab Pratiquer \u00bb c\u2019est une qualit\u00e9 de pr\u00e9sence \u00e0 soi-m\u00eame et \u00e0 l\u2019intensit\u00e9 du moment v\u00e9cu, une implication dans l\u2019action qui permet l\u2019\u00e9panouissement de l\u2019\u00eatre. Pratiquez, pratiquons!<\/p>\n\n\n\n<p>contact :&nbsp;<a href=\"mailto:omboy@hotmail.fr\">aomboy@hotmail.fr<\/a><\/p>\n\n\n\n<h4>Susie O&rsquo;REILLY : niveau 1-2<\/h4>\n\n\n\n<p>Susie, originaire d\u2019Irlande, d\u00e9couvre le yoga Iyengar \u00e0 Paris en 2007 lorsqu\u2019elle y enseigne le Pilates. C\u2019est en 2012, \u00e0 Montr\u00e9al, qu\u2019elle d\u00e9bute dans l\u2019enseignement de la m\u00e9thode, dont la pr\u00e9cision et la clart\u00e9 l\u2019ont imm\u00e9diatement fascin\u00e9e. Elle \u00e9prouve un \u00e9panouissement personnel dans la pratique et souhaite partager son amour de ce travail d\u2019alignement avec discipline, attention et g\u00e9n\u00e9rosit\u00e9.<\/p>\n\n\n\n<p>contact :&nbsp;<a href=\"mailto:susie.lescure@gmail.com\">susie.lescure@gmail.com<\/a><\/p>\n\n\n\n<h4>Candy RIGAUD : niveau 1; 2-3<\/h4>\n\n\n\n<p>Candy d\u00e9couvre le yoga Iyengar en 2002 \u00e0 travers la pratique de la danse contemporaine. Le yoga est pour elle une discipline qui remplit chaque cellule du corps avec du sens, et donne la possibilit\u00e9 de prendre sa vie en main.<\/p>\n\n\n\n<p>contact :&nbsp;<a href=\"mailto:cr.orange6@gmail.com\">cr.orange6@gmail.com<\/a><\/p>\n\n\n\n<h4>Rodolphe : niveau 1-2<\/h4>\n\n\n\n<p>Rodolphe a commenc\u00e9 la m\u00e9thode Iyengar en 2000 alors qu\u2019il habitait \u00e0 San Francisco. Avec le temps, de par sa pratique r\u00e9guli\u00e8re, il comprends&nbsp; tout ce que le yoga peut apporter, d\u2019un point de vue physique et pour conduire notre vie. Il l\u2019enseigne depuis 2013 afin de partager les b\u00e9n\u00e9fices.<\/p>\n\n\n\n<p>contact :&nbsp;<a href=\"mailto:rodolphe.yoga@gmail.com\">rodolphe.yoga@gmail.com<\/a><\/p>\n","protected":false},"excerpt":{"rendered":"<p>La m\u00e9thode Iyengar comme gage de qualit\u00e9. Nos professeurs sont tous habilit\u00e9s \u00e0 enseigner le yoga Iyengar, et membres de l\u2019association fran\u00e7aise de yoga Iyengar www.yoga-iyengar.asso.fr . La formation de professorat de la m\u00e9thode est rigoureuse. Elle est aussi continue : les professeurs certifi\u00e9s restent \u00e9l\u00e8ves assidus aux cours d\u2019un professeur Senior ; suivent des &hellip; <\/p>\n","protected":false},"author":1,"featured_media":0,"parent":0,"menu_order":0,"comment_status":"closed","ping_status":"closed","template":"","meta":[],"_links":{"self":[{"href":"https:\/\/preprod.yoga-iyengar91.com\/index.php\/wp-json\/wp\/v2\/pages\/38"}],"collection":[{"href":"https:\/\/preprod.yoga-iyengar91.com\/index.php\/wp-json\/wp\/v2\/pages"}],"about":[{"href":"https:\/\/preprod.yoga-iyengar91.com\/index.php\/wp-json\/wp\/v2\/types\/page"}],"author":[{"embeddable":true,"href":"https:\/\/preprod.yoga-iyengar91.com\/index.php\/wp-json\/wp\/v2\/users\/1"}],"replies":[{"embeddable":true,"href":"https:\/\/preprod.yoga-iyengar91.com\/index.php\/wp-json\/wp\/v2\/comments?post=38"}],"version-history":[{"count":3,"href":"https:\/\/preprod.yoga-iyengar91.com\/index.php\/wp-json\/wp\/v2\/pages\/38\/revisions"}],"predecessor-version":[{"id":41,"href":"https:\/\/preprod.yoga-iyengar91.com\/index.php\/wp-json\/wp\/v2\/pages\/38\/revisions\/41"}],"wp:attachment":[{"href":"https:\/\/preprod.yoga-iyengar91.com\/index.php\/wp-json\/wp\/v2\/media?parent=38"}],"curies":[{"name":"wp","href":"https:\/\/api.w.org\/{rel}","templated":true}]}}