{"id":23,"date":"2020-02-21T19:07:21","date_gmt":"2020-02-21T18:07:21","guid":{"rendered":"http:\/\/preprod.yoga-iyengar91.com\/?page_id=23"},"modified":"2020-02-23T21:57:30","modified_gmt":"2020-02-23T20:57:30","slug":"le-yoga","status":"publish","type":"page","link":"https:\/\/preprod.yoga-iyengar91.com\/index.php\/accueil\/le-yoga\/","title":{"rendered":"Le yoga"},"content":{"rendered":"\n<p>Le yoga (de la racine sanskrite YUJ, signifiant \u00ab atteler, unir \u00bb) est une pratique tr\u00e8s ancienne et n\u00e9anmoins de plus en plus actuelle qui unifie le corps et l\u2019esprit.<\/p>\n\n\n\n<p>Au cours de la pratique, d\u2019autres b\u00e9n\u00e9fices apparaissent encore, portant sur nos aspects physiques, mentaux, \u00e9motionnels.&nbsp; On habite un corps plus galb\u00e9 et vif, dont les mouvements sont plus amples et l\u00e9gers. Notre concentration s\u2019en trouve aiguis\u00e9e, allong\u00e9e.&nbsp;Nos humeurs sont moins changeantes et notre \u00e9tat d\u2019\u00e2me devient plus positif.<\/p>\n","protected":false},"excerpt":{"rendered":"<p>Le yoga (de la racine sanskrite YUJ, signifiant \u00ab atteler, unir \u00bb) est une pratique tr\u00e8s ancienne et n\u00e9anmoins de plus en plus actuelle qui unifie le corps et l\u2019esprit. Au cours de la pratique, d\u2019autres b\u00e9n\u00e9fices apparaissent encore, portant sur nos aspects physiques, mentaux, \u00e9motionnels.&nbsp; On habite un corps plus galb\u00e9 et vif, dont &hellip; <\/p>\n","protected":false},"author":1,"featured_media":0,"parent":21,"menu_order":0,"comment_status":"closed","ping_status":"closed","template":"","meta":[],"_links":{"self":[{"href":"https:\/\/preprod.yoga-iyengar91.com\/index.php\/wp-json\/wp\/v2\/pages\/23"}],"collection":[{"href":"https:\/\/preprod.yoga-iyengar91.com\/index.php\/wp-json\/wp\/v2\/pages"}],"about":[{"href":"https:\/\/preprod.yoga-iyengar91.com\/index.php\/wp-json\/wp\/v2\/types\/page"}],"author":[{"embeddable":true,"href":"https:\/\/preprod.yoga-iyengar91.com\/index.php\/wp-json\/wp\/v2\/users\/1"}],"replies":[{"embeddable":true,"href":"https:\/\/preprod.yoga-iyengar91.com\/index.php\/wp-json\/wp\/v2\/comments?post=23"}],"version-history":[{"count":1,"href":"https:\/\/preprod.yoga-iyengar91.com\/index.php\/wp-json\/wp\/v2\/pages\/23\/revisions"}],"predecessor-version":[{"id":24,"href":"https:\/\/preprod.yoga-iyengar91.com\/index.php\/wp-json\/wp\/v2\/pages\/23\/revisions\/24"}],"up":[{"embeddable":true,"href":"https:\/\/preprod.yoga-iyengar91.com\/index.php\/wp-json\/wp\/v2\/pages\/21"}],"wp:attachment":[{"href":"https:\/\/preprod.yoga-iyengar91.com\/index.php\/wp-json\/wp\/v2\/media?parent=23"}],"curies":[{"name":"wp","href":"https:\/\/api.w.org\/{rel}","templated":true}]}}