{"id":13,"date":"2020-02-21T23:16:34","date_gmt":"2020-02-21T22:16:34","guid":{"rendered":"http:\/\/preprod.yoga-iyengar91.com\/?page_id=13"},"modified":"2020-02-21T23:22:27","modified_gmt":"2020-02-21T22:22:27","slug":"le-projet","status":"publish","type":"page","link":"https:\/\/preprod.yoga-iyengar91.com\/index.php\/le-projet\/","title":{"rendered":"Le Projet"},"content":{"rendered":"\n<h2>Le YI91<\/h2>\n\n\n\n<p>Le 12 d\u00e9cembre 2014, l&rsquo;espace Yoga Iyengar 91 a inaugur\u00e9 son ouverture, o\u00f9, depuis octobre 2014, notre collectivit\u00e9 de professeurs propose un enseignement de yoga de qualit\u00e9 au grand public.<br>\nNotre \u00e9quipe assure des cours r\u00e9gulier de tous les niveaux de yoga Iyengar; on accueil des ateliers et des stages ponctuels des professeurs \u00ab\u00a0senior\u00a0\u00bb de la m\u00e9thode.<\/p>\n\n\n\n<h2>La diffusion du savoir-faire au plus grand nombre<\/h2>\n\n\n\n<p>Notre projet de rendre la discipline de yoga \u00e0 la port\u00e9e de tout le monde, se r\u00e9alise par une situation g\u00e9ographique centrale et facile d\u2019acc\u00e8s. Pour pouvoir accueillir un grand nombre, nous avons pr\u00e9vu deux grandes salles de pratique. L&rsquo;acc\u00e8s d\u00e9mocratique au cours est assur\u00e9 par notre politique de prix tr\u00e8s comp\u00e9titif.<\/p>\n\n\n\n<h2>Soutenir les avanc\u00e9es du savoir<\/h2>\n\n\n\n<p>De nos jours on assiste \u00e0 des avanc\u00e9es scientifiques portant sur l&rsquo;incidence du mouvement d&rsquo;un corps sur son cerveau. Or, ce savoir \u00e9mergeant reit\u00e8re ce que les yogis anciens ont su depuis longtemps de par leur pratique. Notre objectif plus lointain est de devenir un foyer de recherche pour que les professeurs de yoga puissent continuer d&rsquo;approfondir leurs connaissances. Dans ce sens, on projette d&rsquo;accueillir des journ\u00e9es d&rsquo;\u00e9tudes dans la discipline des sciences corporelles, et d\u2019\u00e9diter les ouvrages \u00e9crits ou film\u00e9s dans ce domaine.<\/p>\n","protected":false},"excerpt":{"rendered":"<p>Le YI91 Le 12 d\u00e9cembre 2014, l&rsquo;espace Yoga Iyengar 91 a inaugur\u00e9 son ouverture, o\u00f9, depuis octobre 2014, notre collectivit\u00e9 de professeurs propose un enseignement de yoga de qualit\u00e9 au grand public. Notre \u00e9quipe assure des cours r\u00e9gulier de tous les niveaux de yoga Iyengar; on accueil des ateliers et des stages ponctuels des professeurs &hellip; <\/p>\n","protected":false},"author":1,"featured_media":0,"parent":0,"menu_order":0,"comment_status":"closed","ping_status":"closed","template":"","meta":[],"_links":{"self":[{"href":"https:\/\/preprod.yoga-iyengar91.com\/index.php\/wp-json\/wp\/v2\/pages\/13"}],"collection":[{"href":"https:\/\/preprod.yoga-iyengar91.com\/index.php\/wp-json\/wp\/v2\/pages"}],"about":[{"href":"https:\/\/preprod.yoga-iyengar91.com\/index.php\/wp-json\/wp\/v2\/types\/page"}],"author":[{"embeddable":true,"href":"https:\/\/preprod.yoga-iyengar91.com\/index.php\/wp-json\/wp\/v2\/users\/1"}],"replies":[{"embeddable":true,"href":"https:\/\/preprod.yoga-iyengar91.com\/index.php\/wp-json\/wp\/v2\/comments?post=13"}],"version-history":[{"count":3,"href":"https:\/\/preprod.yoga-iyengar91.com\/index.php\/wp-json\/wp\/v2\/pages\/13\/revisions"}],"predecessor-version":[{"id":16,"href":"https:\/\/preprod.yoga-iyengar91.com\/index.php\/wp-json\/wp\/v2\/pages\/13\/revisions\/16"}],"wp:attachment":[{"href":"https:\/\/preprod.yoga-iyengar91.com\/index.php\/wp-json\/wp\/v2\/media?parent=13"}],"curies":[{"name":"wp","href":"https:\/\/api.w.org\/{rel}","templated":true}]}}